{"id":5480,"date":"2022-11-15T08:08:16","date_gmt":"2022-11-15T07:08:16","guid":{"rendered":"https:\/\/www.cadissoftware.com\/?page_id=5480"},"modified":"2022-11-24T09:10:54","modified_gmt":"2022-11-24T08:10:54","slug":"confirmation","status":"publish","type":"page","link":"https:\/\/www.cadissoftware.com\/fr\/contactez-nous\/confirmation\/","title":{"rendered":"confirmation"},"content":{"rendered":"<div data-elementor-type=\"wp-page\" data-elementor-id=\"5480\" class=\"elementor elementor-5480\" data-elementor-post-type=\"page\">\n\t\t\t\t\t\t<section class=\"elementor-section elementor-top-section elementor-element elementor-element-3059316 elementor-section-boxed elementor-section-height-default elementor-section-height-default\" data-id=\"3059316\" data-element_type=\"section\">\n\t\t\t\t\t\t<div class=\"elementor-container elementor-column-gap-default\">\n\t\t\t\t\t<div class=\"elementor-column elementor-col-100 elementor-top-column elementor-element elementor-element-26e3023\" data-id=\"26e3023\" data-element_type=\"column\">\n\t\t\t<div class=\"elementor-widget-wrap elementor-element-populated\">\n\t\t\t\t\t\t<div class=\"elementor-element elementor-element-24b2f1f elementor-widget elementor-widget-heading\" data-id=\"24b2f1f\" data-element_type=\"widget\" data-widget_type=\"heading.default\">\n\t\t\t\t<div class=\"elementor-widget-container\">\n\t\t\t\t\t<h2 class=\"elementor-heading-title elementor-size-default\">Votre message a bien \u00e9t\u00e9 envoy\u00e9 !<\/h2>\t\t\t\t<\/div>\n\t\t\t\t<\/div>\n\t\t\t\t<div class=\"elementor-element elementor-element-39ec2be elementor-widget elementor-widget-text-editor\" data-id=\"39ec2be\" data-element_type=\"widget\" data-widget_type=\"text-editor.default\">\n\t\t\t\t<div class=\"elementor-widget-container\">\n\t\t\t\t\t\t\t\t\t<p>Merci beaucoup pour votre int\u00e9r\u00eat. Nous r\u00e9pondrons \u00e0 votre message d\u00e8s que possible.<\/p>\t\t\t\t\t\t\t\t<\/div>\n\t\t\t\t<\/div>\n\t\t\t\t\t<\/div>\n\t\t<\/div>\n\t\t\t\t\t<\/div>\n\t\t<\/section>\n\t\t\t\t<section class=\"elementor-section elementor-top-section elementor-element elementor-element-c96a713 elementor-section-boxed elementor-section-height-default elementor-section-height-default\" data-id=\"c96a713\" data-element_type=\"section\">\n\t\t\t\t\t\t<div class=\"elementor-container elementor-column-gap-default\">\n\t\t\t\t\t<div class=\"elementor-column elementor-col-100 elementor-top-column elementor-element elementor-element-f4c185f\" data-id=\"f4c185f\" data-element_type=\"column\" data-settings=\"{&quot;background_background&quot;:&quot;classic&quot;}\">\n\t\t\t<div class=\"elementor-widget-wrap elementor-element-populated\">\n\t\t\t\t\t\t<section class=\"elementor-section elementor-inner-section elementor-element elementor-element-c2f7643 elementor-reverse-mobile elementor-section-boxed elementor-section-height-default elementor-section-height-default\" data-id=\"c2f7643\" data-element_type=\"section\">\n\t\t\t\t\t\t<div class=\"elementor-container elementor-column-gap-default\">\n\t\t\t\t\t<div class=\"elementor-column elementor-col-50 elementor-inner-column elementor-element elementor-element-cbc7f2f\" data-id=\"cbc7f2f\" data-element_type=\"column\">\n\t\t\t<div class=\"elementor-widget-wrap elementor-element-populated\">\n\t\t\t\t\t\t<div class=\"elementor-element elementor-element-657216d elementor-widget elementor-widget-heading\" data-id=\"657216d\" data-element_type=\"widget\" data-widget_type=\"heading.default\">\n\t\t\t\t<div class=\"elementor-widget-container\">\n\t\t\t\t\t<h3 class=\"elementor-heading-title elementor-size-default\">Testez une d\u00e9mo personnalis\u00e9e !<\/h3>\t\t\t\t<\/div>\n\t\t\t\t<\/div>\n\t\t\t\t<div class=\"elementor-element elementor-element-136d9da elementor-widget elementor-widget-text-editor\" data-id=\"136d9da\" data-element_type=\"widget\" data-widget_type=\"text-editor.default\">\n\t\t\t\t<div class=\"elementor-widget-container\">\n\t\t\t\t\t\t\t\t\t<p>Depuis plus de vingt ans, la solution <strong>cadis\u00ae<\/strong> TMS offre aux entreprises de transport et aux prestataires de services logistiques de la valeur ajout\u00e9e gr\u00e2ce \u00e0 l'automatisation des processus op\u00e9rationnels. Le logiciel <strong>cadis\u00ae<\/strong> TMS optimise la planification, l'ex\u00e9cution et l'analyse de tous les processus de travail op\u00e9rationnels du transport de marchandises ; il permet \u00e0 tous d'\u00eatre plus rapides, plus efficaces et plus performants.<\/p>\t\t\t\t\t\t\t\t<\/div>\n\t\t\t\t<\/div>\n\t\t\t\t<div class=\"elementor-element elementor-element-3a3ca52 elementor-button-info elementor-mobile-align-center elementor-widget elementor-widget-button\" data-id=\"3a3ca52\" data-element_type=\"widget\" data-widget_type=\"button.default\">\n\t\t\t\t<div class=\"elementor-widget-container\">\n\t\t\t\t\t\t\t\t\t<div class=\"elementor-button-wrapper\">\n\t\t\t\t\t<a class=\"elementor-button elementor-button-link elementor-size-md\" href=\"\/fr\/booking\/\">\n\t\t\t\t\t\t<span class=\"elementor-button-content-wrapper\">\n\t\t\t\t\t\t\t\t\t<span class=\"elementor-button-text\">Organiser un appel de d\u00e9couverte<\/span>\n\t\t\t\t\t<\/span>\n\t\t\t\t\t<\/a>\n\t\t\t\t<\/div>\n\t\t\t\t\t\t\t\t<\/div>\n\t\t\t\t<\/div>\n\t\t\t\t\t<\/div>\n\t\t<\/div>\n\t\t\t\t<div class=\"elementor-column elementor-col-50 elementor-inner-column elementor-element elementor-element-4c4f836\" data-id=\"4c4f836\" data-element_type=\"column\">\n\t\t\t<div class=\"elementor-widget-wrap elementor-element-populated\">\n\t\t\t\t\t\t<div class=\"elementor-element elementor-element-d3362b7 elementor-widget elementor-widget-image\" data-id=\"d3362b7\" data-element_type=\"widget\" data-widget_type=\"image.default\">\n\t\t\t\t<div class=\"elementor-widget-container\">\n\t\t\t\t\t\t\t\t\t\t\t\t\t\t\t<img fetchpriority=\"high\" decoding=\"async\" width=\"347\" height=\"368\" src=\"https:\/\/www.cadissoftware.com\/wp-content\/uploads\/2022\/05\/Demo-CTA-Image-min.png\" class=\"attachment-large size-large wp-image-517\" alt=\"Visuel cl\u00e9 R\u00e9servez une d\u00e9mo personnalis\u00e9e !\" srcset=\"https:\/\/www.cadissoftware.com\/wp-content\/uploads\/2022\/05\/Demo-CTA-Image-min.png 347w, https:\/\/www.cadissoftware.com\/wp-content\/uploads\/2022\/05\/Demo-CTA-Image-min-283x300.png 283w\" sizes=\"(max-width: 347px) 100vw, 347px\" \/>\t\t\t\t\t\t\t\t\t\t\t\t\t\t\t<\/div>\n\t\t\t\t<\/div>\n\t\t\t\t\t<\/div>\n\t\t<\/div>\n\t\t\t\t\t<\/div>\n\t\t<\/section>\n\t\t\t\t\t<\/div>\n\t\t<\/div>\n\t\t\t\t\t<\/div>\n\t\t<\/section>\n\t\t\t\t<\/div>","protected":false},"excerpt":{"rendered":"<p>Your message has successfully been sent! Thank you very much for your interest. We will respond to your message as soon as possible. Try a personalized demo! For over twenty years, the cadis\u00ae TMS system has been offering transportation companies and logistic service providers added value through the automation of workflows with the cadis\u00ae logistics [&hellip;]<\/p>","protected":false},"author":7,"featured_media":0,"parent":1814,"menu_order":1,"comment_status":"closed","ping_status":"closed","template":"","meta":{"_acf_changed":false,"inline_featured_image":false,"site-sidebar-layout":"no-sidebar","site-content-layout":"page-builder","ast-site-content-layout":"","site-content-style":"default","site-sidebar-style":"default","ast-global-header-display":"","ast-banner-title-visibility":"","ast-main-header-display":"","ast-hfb-above-header-display":"","ast-hfb-below-header-display":"","ast-hfb-mobile-header-display":"","site-post-title":"disabled","ast-breadcrumbs-content":"","ast-featured-img":"disabled","footer-sml-layout":"","theme-transparent-header-meta":"default","adv-header-id-meta":"","stick-header-meta":"","header-above-stick-meta":"","header-main-stick-meta":"","header-below-stick-meta":"","astra-migrate-meta-layouts":"default","ast-page-background-enabled":"default","ast-page-background-meta":{"desktop":{"background-color":"var(--ast-global-color-4)","background-image":"","background-repeat":"repeat","background-position":"center center","background-size":"auto","background-attachment":"scroll","background-type":"","background-media":"","overlay-type":"","overlay-color":"","overlay-opacity":"","overlay-gradient":""},"tablet":{"background-color":"","background-image":"","background-repeat":"repeat","background-position":"center center","background-size":"auto","background-attachment":"scroll","background-type":"","background-media":"","overlay-type":"","overlay-color":"","overlay-opacity":"","overlay-gradient":""},"mobile":{"background-color":"","background-image":"","background-repeat":"repeat","background-position":"center center","background-size":"auto","background-attachment":"scroll","background-type":"","background-media":"","overlay-type":"","overlay-color":"","overlay-opacity":"","overlay-gradient":""}},"ast-content-background-meta":{"desktop":{"background-color":"var(--ast-global-color-5)","background-image":"","background-repeat":"repeat","background-position":"center center","background-size":"auto","background-attachment":"scroll","background-type":"","background-media":"","overlay-type":"","overlay-color":"","overlay-opacity":"","overlay-gradient":""},"tablet":{"background-color":"var(--ast-global-color-5)","background-image":"","background-repeat":"repeat","background-position":"center center","background-size":"auto","background-attachment":"scroll","background-type":"","background-media":"","overlay-type":"","overlay-color":"","overlay-opacity":"","overlay-gradient":""},"mobile":{"background-color":"var(--ast-global-color-5)","background-image":"","background-repeat":"repeat","background-position":"center center","background-size":"auto","background-attachment":"scroll","background-type":"","background-media":"","overlay-type":"","overlay-color":"","overlay-opacity":"","overlay-gradient":""}},"footnotes":""},"class_list":["post-5480","page","type-page","status-publish","hentry"],"acf":[],"yoast_head":"<!-- This site is optimized with the Yoast SEO plugin v27.5 - https:\/\/yoast.com\/product\/yoast-seo-wordpress\/ -->\n<title>confirmation | cadis<\/title>\n<meta name=\"description\" content=\"Try a personalized demo! For over twenty years, the cadis\u00ae TMS system has been offering transportation companies and logistic service providers added value through the automation of workflows with the cadis\u00ae logistics software suite.\" \/>\n<meta name=\"robots\" content=\"index, follow, max-snippet:-1, max-image-preview:large, max-video-preview:-1\" \/>\n<link rel=\"canonical\" href=\"https:\/\/www.cadissoftware.com\/fr\/contactez-nous\/confirmation\/\" \/>\n<meta property=\"og:locale\" content=\"fr_FR\" \/>\n<meta property=\"og:type\" content=\"article\" \/>\n<meta property=\"og:title\" content=\"confirmation | cadis\" \/>\n<meta property=\"og:description\" content=\"Try a personalized demo! For over twenty years, the cadis\u00ae TMS system has been offering transportation companies and logistic service providers added value through the automation of workflows with the cadis\u00ae logistics software suite.\" \/>\n<meta property=\"og:url\" content=\"https:\/\/www.cadissoftware.com\/fr\/contactez-nous\/confirmation\/\" \/>\n<meta property=\"og:site_name\" content=\"cadis\" \/>\n<meta property=\"article:publisher\" content=\"https:\/\/www.facebook.com\/Cadistms\" \/>\n<meta property=\"article:modified_time\" content=\"2022-11-24T08:10:54+00:00\" \/>\n<meta property=\"og:image\" content=\"https:\/\/www.cadissoftware.com\/wp-content\/uploads\/2022\/05\/Demo-CTA-Image-min.png\" \/>\n<meta name=\"twitter:card\" content=\"summary_large_image\" \/>\n<meta name=\"twitter:site\" content=\"@CadisSoftware\" \/>\n<meta name=\"twitter:label1\" content=\"Dur\u00e9e de lecture estim\u00e9e\" \/>\n\t<meta name=\"twitter:data1\" content=\"1 minute\" \/>\n<!-- \/ Yoast SEO plugin. -->","yoast_head_json":{"title":"confirmation | cadis","description":"Try a personalized demo! For over twenty years, the cadis\u00ae TMS system has been offering transportation companies and logistic service providers added value through the automation of workflows with the cadis\u00ae logistics software suite.","robots":{"index":"index","follow":"follow","max-snippet":"max-snippet:-1","max-image-preview":"max-image-preview:large","max-video-preview":"max-video-preview:-1"},"canonical":"https:\/\/www.cadissoftware.com\/fr\/contactez-nous\/confirmation\/","og_locale":"fr_FR","og_type":"article","og_title":"confirmation | cadis","og_description":"Try a personalized demo! For over twenty years, the cadis\u00ae TMS system has been offering transportation companies and logistic service providers added value through the automation of workflows with the cadis\u00ae logistics software suite.","og_url":"https:\/\/www.cadissoftware.com\/fr\/contactez-nous\/confirmation\/","og_site_name":"cadis","article_publisher":"https:\/\/www.facebook.com\/Cadistms","article_modified_time":"2022-11-24T08:10:54+00:00","og_image":[{"url":"https:\/\/www.cadissoftware.com\/wp-content\/uploads\/2022\/05\/Demo-CTA-Image-min.png","type":"","width":"","height":""}],"twitter_card":"summary_large_image","twitter_site":"@CadisSoftware","twitter_misc":{"Dur\u00e9e de lecture estim\u00e9e":"1 minute"},"schema":{"@context":"https:\/\/schema.org","@graph":[{"@type":"WebPage","@id":"https:\/\/www.cadissoftware.com\/en\/contact-us\/confirmation\/","url":"https:\/\/www.cadissoftware.com\/en\/contact-us\/confirmation\/","name":"confirmation | cadis","isPartOf":{"@id":"https:\/\/www.cadissoftware.com\/#website"},"primaryImageOfPage":{"@id":"https:\/\/www.cadissoftware.com\/en\/contact-us\/confirmation\/#primaryimage"},"image":{"@id":"https:\/\/www.cadissoftware.com\/en\/contact-us\/confirmation\/#primaryimage"},"thumbnailUrl":"https:\/\/www.cadissoftware.com\/wp-content\/uploads\/2022\/05\/Demo-CTA-Image-min.png","datePublished":"2022-11-15T07:08:16+00:00","dateModified":"2022-11-24T08:10:54+00:00","description":"Try a personalized demo! For over twenty years, the cadis\u00ae TMS system has been offering transportation companies and logistic service providers added value through the automation of workflows with the cadis\u00ae logistics software suite.","breadcrumb":{"@id":"https:\/\/www.cadissoftware.com\/en\/contact-us\/confirmation\/#breadcrumb"},"inLanguage":"fr-FR","potentialAction":[{"@type":"ReadAction","target":["https:\/\/www.cadissoftware.com\/en\/contact-us\/confirmation\/"]}]},{"@type":"ImageObject","inLanguage":"fr-FR","@id":"https:\/\/www.cadissoftware.com\/en\/contact-us\/confirmation\/#primaryimage","url":"https:\/\/www.cadissoftware.com\/wp-content\/uploads\/2022\/05\/Demo-CTA-Image-min.png","contentUrl":"https:\/\/www.cadissoftware.com\/wp-content\/uploads\/2022\/05\/Demo-CTA-Image-min.png"},{"@type":"BreadcrumbList","@id":"https:\/\/www.cadissoftware.com\/en\/contact-us\/confirmation\/#breadcrumb","itemListElement":[{"@type":"ListItem","position":1,"name":"Home","item":"https:\/\/www.cadissoftware.com\/en\/"},{"@type":"ListItem","position":2,"name":"Contact Us","item":"https:\/\/www.cadissoftware.com\/en\/contact-us\/"},{"@type":"ListItem","position":3,"name":"confirmation"}]},{"@type":"WebSite","@id":"https:\/\/www.cadissoftware.com\/#website","url":"https:\/\/www.cadissoftware.com\/","name":"cadis","description":"","publisher":{"@id":"https:\/\/www.cadissoftware.com\/#organization"},"potentialAction":[{"@type":"SearchAction","target":{"@type":"EntryPoint","urlTemplate":"https:\/\/www.cadissoftware.com\/?s={search_term_string}"},"query-input":{"@type":"PropertyValueSpecification","valueRequired":true,"valueName":"search_term_string"}}],"inLanguage":"fr-FR"},{"@type":"Organization","@id":"https:\/\/www.cadissoftware.com\/#organization","name":"CADIS GmbH","url":"https:\/\/www.cadissoftware.com\/","logo":{"@type":"ImageObject","inLanguage":"fr-FR","@id":"https:\/\/www.cadissoftware.com\/#\/schema\/logo\/image\/","url":"https:\/\/www.cadissoftware.com\/wp-content\/uploads\/2022\/02\/Cadis-Logo.svg","contentUrl":"https:\/\/www.cadissoftware.com\/wp-content\/uploads\/2022\/02\/Cadis-Logo.svg","width":245,"height":61,"caption":"CADIS GmbH"},"image":{"@id":"https:\/\/www.cadissoftware.com\/#\/schema\/logo\/image\/"},"sameAs":["https:\/\/www.facebook.com\/Cadistms","https:\/\/x.com\/CadisSoftware","https:\/\/www.linkedin.com\/company\/cadissoftware\/"]}]}},"_links":{"self":[{"href":"https:\/\/www.cadissoftware.com\/fr\/wp-json\/wp\/v2\/pages\/5480","targetHints":{"allow":["GET"]}}],"collection":[{"href":"https:\/\/www.cadissoftware.com\/fr\/wp-json\/wp\/v2\/pages"}],"about":[{"href":"https:\/\/www.cadissoftware.com\/fr\/wp-json\/wp\/v2\/types\/page"}],"author":[{"embeddable":true,"href":"https:\/\/www.cadissoftware.com\/fr\/wp-json\/wp\/v2\/users\/7"}],"replies":[{"embeddable":true,"href":"https:\/\/www.cadissoftware.com\/fr\/wp-json\/wp\/v2\/comments?post=5480"}],"version-history":[{"count":0,"href":"https:\/\/www.cadissoftware.com\/fr\/wp-json\/wp\/v2\/pages\/5480\/revisions"}],"up":[{"embeddable":true,"href":"https:\/\/www.cadissoftware.com\/fr\/wp-json\/wp\/v2\/pages\/1814"}],"wp:attachment":[{"href":"https:\/\/www.cadissoftware.com\/fr\/wp-json\/wp\/v2\/media?parent=5480"}],"curies":[{"name":"wp","href":"https:\/\/api.w.org\/{rel}","templated":true}]}}